{"id":19,"date":"2019-11-19T10:25:53","date_gmt":"2019-11-19T10:25:53","guid":{"rendered":"https:\/\/unzpress.ch\/?page_id=19"},"modified":"2019-12-04T16:31:29","modified_gmt":"2019-12-04T16:31:29","slug":"startseite","status":"publish","type":"page","link":"https:\/\/unzpress.ch\/?page_id=19","title":{"rendered":"\u00dcber den Verlag"},"content":{"rendered":"\n<h3 class=\"has-text-align-center wp-block-heading\"><strong>UNZUFRIEDENHEIT PRESS<\/strong><\/h3>\n\n\n\n<div class=\"wp-block-group alignfull\"><div class=\"wp-block-group__inner-container is-layout-flow wp-block-group-is-layout-flow\">\n<blockquote class=\"wp-block-quote is-style-default is-layout-flow wp-block-quote-is-layout-flow\"><p>ist angeblich ein Verlag. Er will kleine B\u00fcchlein herausbringen, die sich mit Weltsichten, Kritik, dem Nerdigen und dem Politischen besch\u00e4ftigen und angeblich daran glauben, umst\u00fcrzlerische Handlungen hervorrufen zu k\u00f6nnen. <br>Sein Motto ist: Contro la pace terrificante. <br>Seine Ziel ist: eine angenehmerere, gerechtere Welt, in der nicht der Kaufmann, das Prestige und das Anh\u00e4ufen regieren.<br>Sein Nummerierungssystem ist: Jede\/r Autor\/in darf sich eine Katalognummer zwischen 1 und 999 aussuchen, sofern sie noch nicht vergeben ist.<\/p><p>Bisher erschienen: <br>DD, &#8222;Orgel und Ordnung. Ein Pamphloyd&#8220; (UnzPress 51, Dez. 2019)<\/p><p>Angeblicher Verlagssitz: G\u00e4tzibrunnenstr. 7, 8406 Winterthur<\/p><p>So siehts mal jetzt aus. Tats\u00e4chlich k\u00f6nnte (und sollte!) dieser Verlag auch mehr als ein Buch ver\u00f6ffentlichen. Und zwar wenn weitere Menschen mitmachen => <a href=\"https:\/\/unzpress.ch#contact\">Briefkasten<\/a><\/p><\/blockquote>\n<\/div><\/div>\n","protected":false},"excerpt":{"rendered":"<p>UNZUFRIEDENHEIT PRESS ist angeblich ein Verlag. Er will kleine B\u00fcchlein herausbringen, die sich mit Weltsichten, Kritik, dem Nerdigen und dem Politischen besch\u00e4ftigen und angeblich daran glauben, umst\u00fcrzlerische Handlungen hervorrufen zu k\u00f6nnen. Sein Motto ist: Contro la pace terrificante. Seine Ziel ist: eine angenehmerere, gerechtere Welt, in der nicht der Kaufmann, [&hellip;]<\/p>\n","protected":false},"author":1,"featured_media":65,"parent":0,"menu_order":0,"comment_status":"closed","ping_status":"closed","template":"","meta":{"footnotes":""},"class_list":["post-19","page","type-page","status-publish","has-post-thumbnail","hentry"],"_links":{"self":[{"href":"https:\/\/unzpress.ch\/index.php?rest_route=\/wp\/v2\/pages\/19","targetHints":{"allow":["GET"]}}],"collection":[{"href":"https:\/\/unzpress.ch\/index.php?rest_route=\/wp\/v2\/pages"}],"about":[{"href":"https:\/\/unzpress.ch\/index.php?rest_route=\/wp\/v2\/types\/page"}],"author":[{"embeddable":true,"href":"https:\/\/unzpress.ch\/index.php?rest_route=\/wp\/v2\/users\/1"}],"replies":[{"embeddable":true,"href":"https:\/\/unzpress.ch\/index.php?rest_route=%2Fwp%2Fv2%2Fcomments&post=19"}],"version-history":[{"count":24,"href":"https:\/\/unzpress.ch\/index.php?rest_route=\/wp\/v2\/pages\/19\/revisions"}],"predecessor-version":[{"id":173,"href":"https:\/\/unzpress.ch\/index.php?rest_route=\/wp\/v2\/pages\/19\/revisions\/173"}],"wp:featuredmedia":[{"embeddable":true,"href":"https:\/\/unzpress.ch\/index.php?rest_route=\/wp\/v2\/media\/65"}],"wp:attachment":[{"href":"https:\/\/unzpress.ch\/index.php?rest_route=%2Fwp%2Fv2%2Fmedia&parent=19"}],"curies":[{"name":"wp","href":"https:\/\/api.w.org\/{rel}","templated":true}]}}