{"id":2,"date":"2019-11-12T21:45:41","date_gmt":"2019-11-12T21:45:41","guid":{"rendered":"https:\/\/unzpress.ch\/?page_id=2"},"modified":"2022-09-29T07:35:51","modified_gmt":"2022-09-29T07:35:51","slug":"sample-page","status":"publish","type":"page","link":"https:\/\/unzpress.ch\/","title":{"rendered":"Zum Buch"},"content":{"rendered":"\n<p><\/p>\n\n\n\n<p>In seinem 90-seitigen B\u00fcchlein (Kartoncover, <a href=\"https:\/\/unzpress.ch\/wp-content\/uploads\/2019\/12\/Hathiphloyd-scaled.jpg\" target=\"_blank\" rel=\"noreferrer noopener\" aria-label=\"gut in der Hand liegend (\u00f6ffnet in neuem Tab)\">gut in der Hand liegend<\/a>) feiert DD das Orgelspiel von Rick Wright (Pink Floyd), wettert gegen die erstarrte, durchliberalisierte Gesellschaft und versucht einzufangen, was die Sch\u00f6nheit des ersten \u00fcber die H\u00e4sslichkeit des zweiten aussagt. Die Mittel der Wahl: Assoziationskraft, Poesie, Fakten, Realpolitik.<\/p>\n\n\n\n<p> <a rel=\"noreferrer noopener\" href=\"https:\/\/dusekgefaess.net\/\" target=\"_blank\">DD<\/a> moderiert unter vielen verschiedenen Namen jeden zweiten Freitag die Morgensendung auf <a rel=\"noreferrer noopener\" href=\"https:\/\/stadtfilter.ch\/\" target=\"_blank\">Radio Stadtfilter<\/a>,  Winterthur. Ausserdem amtiert er am selben Ort als &#8222;Generalsekret\u00e4r&#8220;,  spielt Schlagzeug und hat bereits einen Roman geschrieben (<a rel=\"noreferrer noopener\" aria-label=\"Er tritt \u00fcber  die Ufer (\u00f6ffnet in neuem Tab)\" href=\"https:\/\/www.lectorbooks.com\/dusek-er-tritt-ueber-die-ufer\" target=\"_blank\">Er tritt \u00fcber die Ufer<\/a>, Lectorbooks, 2017).<\/p>\n\n\n\n<p><\/p>\n\n\n\n<p><\/p>\n\n\n\n<p><br><a rel=\"noreferrer noopener\" aria-label=\"So sieht (\u00f6ffnet in neuem Tab)\" href=\"https:\/\/unzpress.ch\/wp-content\/uploads\/2019\/11\/191112OndOCoverAussenISBN.pdf\" target=\"_blank\">So sieht<\/a> Orgel und Ordnung aus<\/p>\n\n\n\n<p>Und <a href=\"https:\/\/unzpress.ch\/wp-content\/uploads\/2022\/05\/Wright-Politik_exc.pdf\">so lesen <\/a>sich die Kapitel(chen) 12 bzw. 17<\/p>\n\n\n\n<p><a rel=\"noreferrer noopener\" aria-label=\"So sprach (\u00f6ffnet in neuem Tab)\" href=\"https:\/\/unzpress.ch\/wp-content\/uploads\/2019\/12\/191212-Politur-Inti.mp3\" target=\"_blank\">S<\/a><a href=\"https:\/\/stadtfilter.ch\/gegen-das-erstarren-in-reichtum\/\" target=\"_blank\" rel=\"noreferrer noopener\" aria-label=\"o sprach (\u00f6ffnet in neuem Tab)\">o sprach<\/a> der Autor auf Radio Stadtfilter \u00fcber sein Werk<\/p>\n\n\n\n<p>So wird die Kampfschrift das n\u00e4chste Mal verk\u00fcndet: <br>Wie immer Sie es wollen. <a href=\"https:\/\/unzpress.ch\/#contact\">Engagieren Sie den Autor<\/a>, wenn Sie zur Revolution gegen das Regime der ungleichen Annahmen beitragen wollen. <a rel=\"noreferrer noopener\" href=\"https:\/\/unzpress.ch\/wp-content\/uploads\/2022\/03\/Muster2-LaP.jpg\" target=\"_blank\">Zuletzt gastierte er<\/a> im Mai\/Juni 2022 gemeinsam mit dem nicht unepochalen Konzertfilm &#8222;Pink Floyd live at Pompeii&#8220; im <a rel=\"noreferrer noopener\" href=\"https:\/\/kinocameo.ch\/\" target=\"_blank\">Kino Cameo<\/a> (Winterthur), im <a rel=\"noreferrer noopener\" href=\"https:\/\/www.riffraff.ch\" target=\"_blank\">Riffraff<\/a> (Z\u00fcrich) und in den <a rel=\"noreferrer noopener\" href=\"https:\/\/breitenseer-lichtspiele.at\/\" target=\"_blank\">Breitenseer Lichtspielen<\/a> (Wien).<\/p>\n\n\n\n<p>Ausserdem findet sich <a rel=\"noreferrer noopener\" href=\"https:\/\/unzpress.ch\/wp-content\/uploads\/2020\/04\/OundO_Teil1.mp3\" target=\"_blank\">hier<\/a> und <a rel=\"noreferrer noopener\" href=\"https:\/\/unzpress.ch\/wp-content\/uploads\/2020\/04\/OundO_Teil2.mp3\" target=\"_blank\">hier<\/a> die gesamte H\u00f6rversion von &#8222;Orgel und Ordnung. Ein Pamphloyd&#8220; in zwei Teilen zum Anh\u00f6ren.  Wenn Sie rausfinden, wie Sie das downloaden k\u00f6nnen (es geht), k\u00f6nnen Sie es sogar downloaden! <\/p>\n\n\n\n<p><br>Offiziell ist die erste Auflage ausverkauft. M\u00f6glicherweise finden Sie hier noch das eine oder andere Exemplar (empfohlener Verkaufspreis SFr. 16,50):<br>Winterthur: <a rel=\"noreferrer noopener\" aria-label=\"Buch Am Platz (\u00f6ffnet in neuem Tab)\" href=\"https:\/\/www.buchamplatz.ch\/\" target=\"_blank\">Buch Am Platz<\/a><br>Z\u00fcrich: <a href=\"https:\/\/www.volkshausbuch.ch\/de\/\">Bu<\/a><a rel=\"noreferrer noopener\" href=\"https:\/\/www.volkshausbuch.ch\/\" target=\"_blank\">chhandlung im Volkshaus<\/a><br>Ein spezieller Dank gilt unserem Vertragshandelspartner in Wien: Schallplatten Moser &#8211; ein toller, gelegentlich auftretender Laden mit Anschrift plattenflohmarkt at gmx Punkt net. Sie werden es bemerkt haben: Der verkauft vor allem Schallplatten. Wenn Sie also sowas in Ost\u00f6sterreich suchen, wenden Sie sich an diese Adresse! <\/p>\n\n\n\n<p><\/p>\n\n\n\n<p><\/p>\n\n\n\n<p><\/p>\n\n\n\n<p><\/p>\n","protected":false},"excerpt":{"rendered":"<p>In seinem 90-seitigen B\u00fcchlein (Kartoncover, gut in der Hand liegend) feiert DD das Orgelspiel von Rick Wright (Pink Floyd), wettert gegen die erstarrte, durchliberalisierte Gesellschaft und versucht einzufangen, was die Sch\u00f6nheit des ersten \u00fcber die H\u00e4sslichkeit des zweiten aussagt. Die Mittel der Wahl: Assoziationskraft, Poesie, Fakten, Realpolitik. DD moderiert unter [&hellip;]<\/p>\n","protected":false},"author":1,"featured_media":65,"parent":0,"menu_order":0,"comment_status":"closed","ping_status":"open","template":"","meta":{"footnotes":""},"class_list":["post-2","page","type-page","status-publish","has-post-thumbnail","hentry"],"_links":{"self":[{"href":"https:\/\/unzpress.ch\/index.php?rest_route=\/wp\/v2\/pages\/2","targetHints":{"allow":["GET"]}}],"collection":[{"href":"https:\/\/unzpress.ch\/index.php?rest_route=\/wp\/v2\/pages"}],"about":[{"href":"https:\/\/unzpress.ch\/index.php?rest_route=\/wp\/v2\/types\/page"}],"author":[{"embeddable":true,"href":"https:\/\/unzpress.ch\/index.php?rest_route=\/wp\/v2\/users\/1"}],"replies":[{"embeddable":true,"href":"https:\/\/unzpress.ch\/index.php?rest_route=%2Fwp%2Fv2%2Fcomments&post=2"}],"version-history":[{"count":70,"href":"https:\/\/unzpress.ch\/index.php?rest_route=\/wp\/v2\/pages\/2\/revisions"}],"predecessor-version":[{"id":280,"href":"https:\/\/unzpress.ch\/index.php?rest_route=\/wp\/v2\/pages\/2\/revisions\/280"}],"wp:featuredmedia":[{"embeddable":true,"href":"https:\/\/unzpress.ch\/index.php?rest_route=\/wp\/v2\/media\/65"}],"wp:attachment":[{"href":"https:\/\/unzpress.ch\/index.php?rest_route=%2Fwp%2Fv2%2Fmedia&parent=2"}],"curies":[{"name":"wp","href":"https:\/\/api.w.org\/{rel}","templated":true}]}}